{"id":2076,"date":"2024-04-22T11:32:37","date_gmt":"2024-04-22T11:32:37","guid":{"rendered":"https:\/\/godia360.com\/?post_type=product&#038;p=2076"},"modified":"2024-04-22T11:33:00","modified_gmt":"2024-04-22T11:33:00","slug":"social-media-marketing","status":"publish","type":"product","link":"https:\/\/godia360.com\/?product=social-media-marketing","title":{"rendered":"Social media marketing"},"content":{"rendered":"<p><span>D\u00e9couvrez notre solution de gestion des r\u00e9seaux sociaux, votre alli\u00e9e ultime pour une pr\u00e9sence en ligne puissante et efficace. Notre plateforme offre une gamme compl\u00e8te d&#8217;outils intuitifs con\u00e7us pour simplifier et maximiser votre strat\u00e9gie de marketing sur les m\u00e9dias sociaux. G\u00e9rez facilement vos publications, analysez les performances, engagez votre audience et restez au fait des derni\u00e8res tendances, le tout depuis une seule et m\u00eame interface conviviale. Lib\u00e9rez votre potentiel sur les r\u00e9seaux sociaux avec notre solution de gestion, et transformez vos objectifs en r\u00e9sultats tangibles d\u00e8s aujourd&#8217;hui.<\/span><\/p>\n","protected":false},"excerpt":{"rendered":"<p>D\u00e9couvrez notre solution de gestion des r\u00e9seaux sociaux, votre alli\u00e9e ultime pour une pr\u00e9sence en ligne puissante et efficace. Notre plateforme offre une gamme compl\u00e8te d&#8217;outils intuitifs con\u00e7us pour simplifier et maximiser votre strat\u00e9gie de marketing sur les m\u00e9dias sociaux. G\u00e9rez facilement vos publications, analysez les performances, engagez votre audience et restez au fait des [&hellip;]<\/p>\n","protected":false},"featured_media":2075,"comment_status":"open","ping_status":"closed","template":"","meta":[],"product_cat":[59],"product_tag":[],"jetpack_sharing_enabled":true,"_links":{"self":[{"href":"https:\/\/godia360.com\/index.php?rest_route=\/wp\/v2\/product\/2076"}],"collection":[{"href":"https:\/\/godia360.com\/index.php?rest_route=\/wp\/v2\/product"}],"about":[{"href":"https:\/\/godia360.com\/index.php?rest_route=\/wp\/v2\/types\/product"}],"replies":[{"embeddable":true,"href":"https:\/\/godia360.com\/index.php?rest_route=%2Fwp%2Fv2%2Fcomments&post=2076"}],"wp:featuredmedia":[{"embeddable":true,"href":"https:\/\/godia360.com\/index.php?rest_route=\/wp\/v2\/media\/2075"}],"wp:attachment":[{"href":"https:\/\/godia360.com\/index.php?rest_route=%2Fwp%2Fv2%2Fmedia&parent=2076"}],"wp:term":[{"taxonomy":"product_cat","embeddable":true,"href":"https:\/\/godia360.com\/index.php?rest_route=%2Fwp%2Fv2%2Fproduct_cat&post=2076"},{"taxonomy":"product_tag","embeddable":true,"href":"https:\/\/godia360.com\/index.php?rest_route=%2Fwp%2Fv2%2Fproduct_tag&post=2076"}],"curies":[{"name":"wp","href":"https:\/\/api.w.org\/{rel}","templated":true}]}}