{"id":947,"date":"2018-11-26T14:08:34","date_gmt":"2018-11-26T14:08:34","guid":{"rendered":"https:\/\/seofy.wgl-demo.net\/?page_id=947"},"modified":"2024-06-13T08:20:40","modified_gmt":"2024-06-13T08:20:40","slug":"services-3","status":"publish","type":"page","link":"https:\/\/godia360.com\/?page_id=947","title":{"rendered":"Fid\u00e9lit\u00e9"},"content":{"rendered":"<div class=\"wpb-content-wrapper\">[vc_row][vc_column][wgl_spacing spacer_size=&#8221;30&#8243;][\/vc_column][\/vc_row][vc_row content_placement=&#8221;middle&#8221; z_index=&#8221;3&#8243;][vc_column width=&#8221;1\/2&#8243;][wgl_image_layers interval=&#8221;500&#8243; values=&#8221;%5B%7B%22thumbnail%22%3A%22897%22%2C%22image_animation%22%3A%22slide_left%22%2C%22image_order%22%3A%221%22%7D%2C%7B%22thumbnail%22%3A%22898%22%2C%22image_animation%22%3A%22slide_right%22%2C%22image_order%22%3A%223%22%7D%2C%7B%22thumbnail%22%3A%22899%22%2C%22image_animation%22%3A%22fade_in%22%2C%22image_order%22%3A%222%22%7D%2C%7B%22thumbnail%22%3A%22900%22%2C%22image_animation%22%3A%22fade_in%22%2C%22image_order%22%3A%224%22%7D%5D&#8221;][wgl_spacing spacer_size=&#8221;0&#8243; screen_tablet=&#8221;768&#8243; responsive_tablet=&#8221;true&#8221; size_tablet=&#8221;55&#8243;][\/vc_column][vc_column width=&#8221;1\/2&#8243; offset=&#8221;vc_col-lg-offset-1 vc_col-lg-5&#8243;][wgl_double_headings title_color=&#8221;#252525&#8243; subtitle_color=&#8221;#FF7D00&#8243; title=&#8221;Fid\u00e9lit\u00e9&#8221; responsive_font=&#8221;true&#8221; font_size_mobile=&#8221;33&#8243;][wgl_spacing spacer_size=&#8221;19&#8243;][wgl_custom_text font_size=&#8221;18&#8243;]Int\u00e9gration fluide dans les solutions des partenaires:\u200bBorne de commande , logiciel de caisse, sites e-commerce, applications click &amp; collect\u200b[\/wgl_custom_text][wgl_custom_text font_size=&#8221;18&#8243;]Programme de fid\u00e9lit\u00e9 personnalis\u00e9\u200bInt\u00e9gration avec le syst\u00e8me d\u2019encaissement : logiciel de caisse, borne de commande, etc. Communication avec le site web de commande en ligne et l\u2019application Click &amp; Collect Int\u00e9gration dans Apple Wallet et Google Wallet\u200bCarte de fid\u00e9lit\u00e9 num\u00e9rique disponible sur l\u2019application Click &amp; Collect Consultation du solde de fid\u00e9lit\u00e9 et de la liste des r\u00e9compenses Envoi de notifications contenant des offres et des promotions\u200b[\/wgl_custom_text][wgl_spacing spacer_size=&#8221;30&#8243;][\/vc_column][\/vc_row][vc_row][vc_column][wgl_spacing spacer_size=&#8221;30&#8243;][\/vc_column][\/vc_row][vc_row content_placement=&#8221;middle&#8221; add_extended=&#8221;true&#8221; values=&#8221;%5B%7B%22extended_animation%22%3A%22parallax%22%2C%22figure_color%22%3A%22%23ffffff%22%2C%22drop_colors%22%3A%22one_color%22%2C%22part_color%22%3A%22%23ff7e00%22%2C%22part_color_1%22%3A%22%23ff7e00%22%2C%22part_color_2%22%3A%22%233224e9%22%2C%22part_color_3%22%3A%22%2369e9f2%22%2C%22extended_animation_pos_vertical%22%3A%2250%22%2C%22extended_animation_pos_horizont%22%3A%2250%22%2C%22sphere_width%22%3A%22100%22%2C%22particles_number%22%3A%2250%22%2C%22particles_size%22%3A%2210%22%2C%22particles_speed%22%3A%222%22%2C%22hover_anim%22%3A%22grab%22%2C%22image_bg%22%3A%221047%22%2C%22parallax_dir%22%3A%22vertical%22%2C%22parallax_factor%22%3A%220.3%22%2C%22particles_position_top%22%3A%22-44%22%2C%22particles_position_left%22%3A%22-44%22%2C%22particles_width%22%3A%22100%22%2C%22particles_height%22%3A%22100%22%7D%5D&#8221;][vc_column width=&#8221;5\/12&#8243;][wgl_double_headings title_color=&#8221;#252525&#8243; subtitle_color=&#8221;#FF7D00&#8243; title=&#8221;Fid\u00e9lit\u00e9 Digitale Avanc\u00e9e pour une Relation Client Durable&#8221; responsive_font=&#8221;true&#8221; font_size_mobile=&#8221;31&#8243; font_size_tablet=&#8221;34&#8243;][wgl_spacing spacer_size=&#8221;17&#8243;][vc_column_text]Parce que chaque client fid\u00e8le est un atout pour votre croissance.[\/vc_column_text][wgl_spacing spacer_size=&#8221;40&#8243;][wgl_spacing spacer_size=&#8221;0&#8243; screen_tablet=&#8221;768&#8243; responsive_tablet=&#8221;true&#8221; size_tablet=&#8221;40&#8243;][\/vc_column][vc_column width=&#8221;7\/12&#8243;][wgl_circuit_services icon_color_type=&#8221;gradient&#8221; icon_color_from=&#8221;#3224e9&#8243; icon_color_to=&#8221;#5ad0ff&#8221; icon_hover_color_from=&#8221;#ffffff&#8221; icon_hover_color_to=&#8221;#ffffff&#8221; bg_color_type=&#8221;gradient&#8221; bg_color_from=&#8221;#ffffff&#8221; bg_color_to=&#8221;#ffffff&#8221; bg_hover_color_from=&#8221;#3224e9&#8243; bg_hover_color_to=&#8221;#5ad0ff&#8221; values=&#8221;%5B%7B%22icon_font_type%22%3A%22type_flaticon%22%2C%22icon_fontawesome%22%3A%22fab%20fa-accessible-icon%22%2C%22icon_flaticon%22%3A%22flaticon-world%22%2C%22title%22%3A%22Augmenter%20le%20chiffres%20d&#8217;affaires%22%2C%22descr%22%3A%22Utilisez%20des%20insights%20pr%C3%A9cis%20pour%20cr%C3%A9er%20des%20campagnes%20cibl%C3%A9es%20qui%20augmentent%20vos%20ventes%20et%20maximisent%20votre%20retour%20sur%20investissement.%22%7D%2C%7B%22icon_font_type%22%3A%22type_flaticon%22%2C%22icon_fontawesome%22%3A%22fab%20fa-accessible-icon%22%2C%22icon_flaticon%22%3A%22flaticon-analytics%22%2C%22title%22%3A%22Collecte%20de%20la%20data%20et%20d%C3%A9veloppement%20de%20la%20BDD%20clients%22%2C%22descr%22%3A%22Am%C3%A9liorez%20la%20collecte%20de%20donn%C3%A9es%20et%20enrichissez%20votre%20base%20de%20donn%C3%A9es%20clients%20pour%20des%20analyses%20plus%20approfondies%20et%20des%20strat%C3%A9gies%20de%20marketing%20plus%20efficaces.%22%7D%2C%7B%22icon_font_type%22%3A%22type_flaticon%22%2C%22icon_fontawesome%22%3A%22fab%20fa-accessible-icon%22%2C%22icon_flaticon%22%3A%22flaticon-rocket%22%2C%22title%22%3A%22R%C3%A9compenser%20la%20fid%C3%A9lit%C3%A9%20des%20clients%22%2C%22descr%22%3A%22Impl%C3%A9mentez%20des%20programmes%20de%20r%C3%A9compenses%20attractifs%20qui%20motivent%20vos%20clients%20%C3%A0%20revenir%20et%20%C3%A0%20rester%20fid%C3%A8les%20%C3%A0%20votre%20marque.%22%7D%2C%7B%22icon_font_type%22%3A%22type_flaticon%22%2C%22icon_fontawesome%22%3A%22fab%20fa-accessible-icon%22%2C%22icon_flaticon%22%3A%22flaticon-gear-2%22%2C%22title%22%3A%22Co%C3%BBt%20d&#8217;acquisition%20clients%20plus%20faible%22%2C%22descr%22%3A%22R%C3%A9duisez%20les%20co%C3%BBts%20d&#8217;acquisition%20de%20nouveaux%20clients%20gr%C3%A2ce%20%C3%A0%20une%20fid%C3%A9lit%C3%A9%20accrue%20et%20%C3%A0%20des%20recommandations%20par%20vos%20clients%20satisfaits.%22%7D%2C%7B%22icon_font_type%22%3A%22type_flaticon%22%2C%22icon_fontawesome%22%3A%22fab%20fa-accessible-icon%22%2C%22icon_flaticon%22%3A%22flaticon-tv%22%2C%22title%22%3A%22Am%C3%A9lioration%20de%20la%20satisfaction%20client%22%2C%22subtitle%22%3A%22media%22%2C%22descr%22%3A%22Augmentez%20la%20satisfaction%20client%20en%20offrant%20des%20exp%C3%A9riences%20personnalis%C3%A9es%20et%20en%20r%C3%A9pondant%20mieux%20%C3%A0%20leurs%20besoins.%22%7D%2C%7B%22icon_font_type%22%3A%22type_flaticon%22%2C%22icon_fontawesome%22%3A%22fab%20fa-accessible-icon%22%2C%22icon_flaticon%22%3A%22flaticon-price-1%22%2C%22title%22%3A%22Mieux%20connaitre%20ses%20clients%22%2C%22subtitle%22%3A%22SMS%22%2C%22descr%22%3A%22Analysez%20les%20comportements%20et%20les%20pr%C3%A9f%C3%A9rences%20de%20vos%20clients%20pour%20personnaliser%20vos%20offres%20et%20renforcer%20l&#8217;engagement.%22%7D%5D&#8221;][\/vc_column][\/vc_row][vc_row][vc_column][wgl_spacing spacer_size=&#8221;18&#8243;][vc_row_inner content_placement=&#8221;middle&#8221;][vc_column_inner offset=&#8221;vc_col-lg-5 vc_col-md-6&#8243;][wgl_double_headings title_color=&#8221;#252525&#8243; subtitle_color=&#8221;#FF7D00&#8243; title=&#8221;Fid\u00e9lit\u00e9 Simplifi\u00e9e pour un Engagement Optimal&#8221; responsive_font=&#8221;true&#8221; font_size_mobile=&#8221;33&#8243;][wgl_spacing spacer_size=&#8221;19&#8243;][wgl_custom_text font_size=&#8221;18&#8243;]Rendez l&#8217;adh\u00e9sion simple et attrayante pour maximiser l&#8217;engagement client.[\/wgl_custom_text][wgl_spacing spacer_size=&#8221;30&#8243;][wgl_info_box ib_layout=&#8221;left&#8221; icon_type=&#8221;font&#8221; icon_font_type=&#8221;type_flaticon&#8221; icon_flaticon=&#8221;flaticon-zoom-in&#8221; icon_color_idle=&#8221;#ffffff&#8221; icon_color_hover=&#8221;#ffffff&#8221; icon_bg_type=&#8221;gradient&#8221; ib_title=&#8221;Facilitez l&#8217;Inscription&#8221; ib_content=&#8221;Permettez \u00e0 vos clients de rejoindre votre programme de fid\u00e9lit\u00e9 en quelques secondes.&#8221; custom_icon_color=&#8221;true&#8221; custom_icon_bg_color=&#8221;true&#8221; custom_icon_bg_width=&#8221;50&#8243; custom_icon_bg_height=&#8221;50&#8243; custom_icon_size=&#8221;25&#8243; custom_icon_side_offset=&#8221;25&#8243;][wgl_spacing spacer_size=&#8221;26&#8243;][wgl_info_box ib_layout=&#8221;left&#8221; icon_type=&#8221;font&#8221; icon_font_type=&#8221;type_flaticon&#8221; icon_flaticon=&#8221;flaticon-skills&#8221; icon_color_idle=&#8221;#ffffff&#8221; icon_color_hover=&#8221;#ffffff&#8221; icon_bg_type=&#8221;gradient&#8221; icon_bg_gradient_start=&#8221;#5ad0ff&#8221; icon_bg_gradient_end=&#8221;#3224e9&#8243; icon_bg_gradient_start_hover=&#8221;#3224e9&#8243; icon_bg_gradient_end_hover=&#8221;#5ad0ff&#8221; ib_title=&#8221;Accumulez des Points \u00e0 Chaque Achat&#8221; ib_content=&#8221;Motivez vos clients \u00e0 acheter r\u00e9guli\u00e8rement en leur offrant des points pour chaque interaction.&#8221; custom_icon_color=&#8221;true&#8221; custom_icon_bg_color=&#8221;true&#8221; custom_icon_bg_width=&#8221;50&#8243; custom_icon_bg_height=&#8221;50&#8243; custom_icon_size=&#8221;25&#8243; custom_icon_side_offset=&#8221;25&#8243;][wgl_spacing spacer_size=&#8221;26&#8243;][wgl_info_box ib_layout=&#8221;left&#8221; icon_type=&#8221;font&#8221; icon_font_type=&#8221;type_flaticon&#8221; icon_flaticon=&#8221;flaticon-gear-3&#8243; icon_color_idle=&#8221;#ffffff&#8221; icon_color_hover=&#8221;#ffffff&#8221; icon_bg_type=&#8221;gradient&#8221; icon_bg_gradient_start=&#8221;#8cffed&#8221; icon_bg_gradient_end=&#8221;#009cff&#8221; icon_bg_gradient_start_hover=&#8221;#009cff&#8221; icon_bg_gradient_end_hover=&#8221;#8cffed&#8221; ib_title=&#8221;B\u00e9n\u00e9ficiez de R\u00e9compenses Transparentes&#8221; ib_content=&#8221;CoFaites profiter vos clients des r\u00e9compenses de mani\u00e8re transparente et sans complications&#8221; custom_icon_color=&#8221;true&#8221; custom_icon_bg_color=&#8221;true&#8221; custom_icon_bg_width=&#8221;50&#8243; custom_icon_bg_height=&#8221;50&#8243; custom_icon_size=&#8221;25&#8243; custom_icon_side_offset=&#8221;25&#8243;][wgl_spacing spacer_size=&#8221;0&#8243; screen_tablet=&#8221;992&#8243; responsive_tablet=&#8221;true&#8221; size_tablet=&#8221;50&#8243;][\/vc_column_inner][vc_column_inner offset=&#8221;vc_col-lg-7 vc_col-md-6&#8243;][vc_column_text]<img loading=\"lazy\" decoding=\"async\" class=\"aligncenter wp-image-2280 size-full\" src=\"https:\/\/godia360.com\/wp-content\/uploads\/2024\/06\/Design-sans-titre-5.png\" alt=\"\" width=\"545\" height=\"568\" srcset=\"https:\/\/godia360.com\/wp-content\/uploads\/2024\/06\/Design-sans-titre-5.png 545w, https:\/\/godia360.com\/wp-content\/uploads\/2024\/06\/Design-sans-titre-5-288x300.png 288w\" sizes=\"(max-width: 545px) 100vw, 545px\" \/>[\/vc_column_text][\/vc_column_inner][\/vc_row_inner][wgl_spacing spacer_size=&#8221;90&#8243; screen_tablet=&#8221;768&#8243; responsive_tablet=&#8221;true&#8221; size_tablet=&#8221;70&#8243;][\/vc_column][\/vc_row]\n<\/div>","protected":false},"excerpt":{"rendered":"<p>[vc_row][vc_column][wgl_spacing spacer_size=&#8221;30&#8243;][\/vc_column][\/vc_row][vc_row content_placement=&#8221;middle&#8221; z_index=&#8221;3&#8243;][vc_column width=&#8221;1\/2&#8243;][wgl_image_layers interval=&#8221;500&#8243; values=&#8221;%5B%7B%22thumbnail%22%3A%22897%22%2C%22image_animation%22%3A%22slide_left%22%2C%22image_order%22%3A%221%22%7D%2C%7B%22thumbnail%22%3A%22898%22%2C%22image_animation%22%3A%22slide_right%22%2C%22image_order%22%3A%223%22%7D%2C%7B%22thumbnail%22%3A%22899%22%2C%22image_animation%22%3A%22fade_in%22%2C%22image_order%22%3A%222%22%7D%2C%7B%22thumbnail%22%3A%22900%22%2C%22image_animation%22%3A%22fade_in%22%2C%22image_order%22%3A%224%22%7D%5D&#8221;][wgl_spacing spacer_size=&#8221;0&#8243; screen_tablet=&#8221;768&#8243; responsive_tablet=&#8221;true&#8221; size_tablet=&#8221;55&#8243;][\/vc_column][vc_column width=&#8221;1\/2&#8243; offset=&#8221;vc_col-lg-offset-1 vc_col-lg-5&#8243;][wgl_double_headings title_color=&#8221;#252525&#8243; subtitle_color=&#8221;#FF7D00&#8243; title=&#8221;Fid\u00e9lit\u00e9&#8221; responsive_font=&#8221;true&#8221; font_size_mobile=&#8221;33&#8243;][wgl_spacing spacer_size=&#8221;19&#8243;][wgl_custom_text font_size=&#8221;18&#8243;]Int\u00e9gration fluide dans les solutions des partenaires:\u200bBorne de commande , logiciel de caisse, sites e-commerce, applications click &amp; collect\u200b[\/wgl_custom_text][wgl_custom_text font_size=&#8221;18&#8243;]Programme de fid\u00e9lit\u00e9 personnalis\u00e9\u200bInt\u00e9gration avec le syst\u00e8me d\u2019encaissement : logiciel de caisse, borne de commande, etc. [&hellip;]<\/p>\n","protected":false},"author":1,"featured_media":0,"parent":0,"menu_order":0,"comment_status":"closed","ping_status":"closed","template":"","meta":{"footnotes":""},"jetpack_sharing_enabled":true,"_links":{"self":[{"href":"https:\/\/godia360.com\/index.php?rest_route=\/wp\/v2\/pages\/947"}],"collection":[{"href":"https:\/\/godia360.com\/index.php?rest_route=\/wp\/v2\/pages"}],"about":[{"href":"https:\/\/godia360.com\/index.php?rest_route=\/wp\/v2\/types\/page"}],"author":[{"embeddable":true,"href":"https:\/\/godia360.com\/index.php?rest_route=\/wp\/v2\/users\/1"}],"replies":[{"embeddable":true,"href":"https:\/\/godia360.com\/index.php?rest_route=%2Fwp%2Fv2%2Fcomments&post=947"}],"version-history":[{"count":13,"href":"https:\/\/godia360.com\/index.php?rest_route=\/wp\/v2\/pages\/947\/revisions"}],"predecessor-version":[{"id":2282,"href":"https:\/\/godia360.com\/index.php?rest_route=\/wp\/v2\/pages\/947\/revisions\/2282"}],"wp:attachment":[{"href":"https:\/\/godia360.com\/index.php?rest_route=%2Fwp%2Fv2%2Fmedia&parent=947"}],"curies":[{"name":"wp","href":"https:\/\/api.w.org\/{rel}","templated":true}]}}