{"id":2193,"date":"2024-05-28T10:13:39","date_gmt":"2024-05-28T10:13:39","guid":{"rendered":"https:\/\/godia360.com\/?page_id=2193"},"modified":"2024-06-12T20:30:00","modified_gmt":"2024-06-12T20:30:00","slug":"jeux-cadeaux","status":"publish","type":"page","link":"https:\/\/godia360.com\/?page_id=2193","title":{"rendered":"Jeux cadeaux"},"content":{"rendered":"<div class=\"wpb-content-wrapper\">[vc_row][vc_column][wgl_spacing spacer_size=&#8221;30&#8243;][\/vc_column][\/vc_row][vc_row content_placement=&#8221;middle&#8221; z_index=&#8221;3&#8243;][vc_column width=&#8221;1\/2&#8243;][wgl_image_layers interval=&#8221;500&#8243; values=&#8221;%5B%7B%22thumbnail%22%3A%22897%22%2C%22image_animation%22%3A%22slide_left%22%2C%22image_order%22%3A%221%22%7D%2C%7B%22thumbnail%22%3A%22898%22%2C%22image_animation%22%3A%22slide_right%22%2C%22image_order%22%3A%223%22%7D%2C%7B%22thumbnail%22%3A%22899%22%2C%22image_animation%22%3A%22fade_in%22%2C%22image_order%22%3A%222%22%7D%2C%7B%22thumbnail%22%3A%22900%22%2C%22image_animation%22%3A%22fade_in%22%2C%22image_order%22%3A%224%22%7D%5D&#8221;][wgl_spacing spacer_size=&#8221;0&#8243; screen_tablet=&#8221;768&#8243; responsive_tablet=&#8221;true&#8221; size_tablet=&#8221;55&#8243;][\/vc_column][vc_column width=&#8221;1\/2&#8243; offset=&#8221;vc_col-lg-offset-1 vc_col-lg-5&#8243;][wgl_double_headings title_color=&#8221;#252525&#8243; subtitle_color=&#8221;#FF7D00&#8243; title=&#8221;Jeux cadeaux&#8221; responsive_font=&#8221;true&#8221; font_size_mobile=&#8221;33&#8243;][wgl_spacing spacer_size=&#8221;19&#8243;][wgl_custom_text font_size=&#8221;18&#8243;]Int\u00e9gration fluide dans les solutions des partenaires:\u200bBorne de commande , logiciel de caisse, sites e-commerce, applications click &amp; collect\u200b[\/wgl_custom_text][wgl_custom_text font_size=&#8221;18&#8243;]D\u00e9couvrez notre solution de jeux cadeaux qui booste la fid\u00e9lit\u00e9 client en encourageant les avis en ligne, renfor\u00e7ant la visibilit\u00e9 sur Google, Facebook, et TripAdvisor, et en dynamisant l&#8217;engagement sur les r\u00e9seaux sociaux.[\/wgl_custom_text][wgl_spacing spacer_size=&#8221;30&#8243;][\/vc_column][\/vc_row][vc_row][vc_column][wgl_spacing spacer_size=&#8221;30&#8243;][\/vc_column][\/vc_row][vc_row][vc_column offset=&#8221;vc_col-lg-offset-2 vc_col-lg-8 vc_col-md-offset-1 vc_col-md-10&#8243;][wgl_spacing spacer_size=&#8221;53&#8243;][wgl_double_headings align=&#8221;center&#8221; title_color=&#8221;#252525&#8243; subtitle_color=&#8221;#FF7D00&#8243; title=&#8221;R\u00e9compenses Ludiques pour Renforcer la Fid\u00e9lit\u00e9&#8221;][wgl_spacing spacer_size=&#8221;57&#8243;][\/vc_column][\/vc_row][vc_row full_width=&#8221;stretch_row&#8221; css=&#8221;.vc_custom_1543390890855{background-image: url(https:\/\/godia360.com\/wp-content\/uploads\/2018\/11\/home2-line.png?id=1075) !important;background-position: center !important;background-repeat: no-repeat !important;background-size: contain !important;}&#8221;][vc_column width=&#8221;1\/2&#8243; css=&#8221;.vc_custom_1543818928157{padding-top: 0px !important;}&#8221; offset=&#8221;vc_col-md-3&#8243;][wgl_spacing spacer_size=&#8221;110&#8243; responsive_tablet=&#8221;true&#8221; size_tablet=&#8221;0&#8243;][wgl_services_4 icon_type=&#8221;none&#8221; icon_color=&#8221;#f8e059&#8243; icon_hover_color=&#8221;#f8e059&#8243; number_hover_color=&#8221;#f8e059&#8243; title=&#8221;Boostez l&#8217;Engagement Client avec des Jeux-Cadeaux&#8221; number=&#8221;01&#8243; custom_number_color=&#8221;true&#8221;][wgl_custom_text font_size=&#8221;16&#8243;]Scannez simplement le QR code pour acc\u00e9der au jeu cadeaux, vous pouvez aussi int\u00e9grer la solution sur votre site web et application C&amp;C , envoyer le lien par SMS ou par mail.[\/wgl_custom_text][wgl_spacing spacer_size=&#8221;30px&#8221;][\/vc_column][vc_column width=&#8221;1\/2&#8243; css=&#8221;.vc_custom_1543818940426{padding-top: 0px !important;}&#8221; offset=&#8221;vc_col-md-3&#8243;][wgl_services_4 icon_type=&#8221;none&#8221; title=&#8221;Attirez et Fid\u00e9lisez en Offrant des Cadeaux&#8221; number=&#8221;02&#8243;][wgl_spacing spacer_size=&#8221;30px&#8221;][wgl_custom_text font_size=&#8221;16&#8243;]Fid\u00e9lisez vos clients en le faisant gagner des cadeaux[\/wgl_custom_text][\/vc_column][vc_column width=&#8221;1\/2&#8243; css=&#8221;.vc_custom_1543818951354{padding-top: 0px !important;}&#8221; offset=&#8221;vc_col-md-3&#8243;][wgl_spacing spacer_size=&#8221;110&#8243; responsive_tablet=&#8221;true&#8221; size_tablet=&#8221;0&#8243;][wgl_services_4 icon_type=&#8221;none&#8221; icon_color=&#8221;#69e9f2&#8243; icon_hover_color=&#8221;#69e9f2&#8243; number_hover_color=&#8221;#69e9f2&#8243; title=&#8221;Construisez une Base de Donn\u00e9es Fiable&#8221; number=&#8221;03&#8243; custom_number_color=&#8221;true&#8221;][wgl_spacing spacer_size=&#8221;30px&#8221;][wgl_custom_text font_size=&#8221;16&#8243;]R\u00e9cup\u00e9rez les donn\u00e9es client pour mieux les comprendre et offrir des exp\u00e9riences personnalis\u00e9es.[\/wgl_custom_text][\/vc_column][vc_column width=&#8221;1\/2&#8243; css=&#8221;.vc_custom_1543818963587{padding-top: 0px !important;}&#8221; offset=&#8221;vc_col-md-3&#8243;][wgl_services_4 icon_type=&#8221;none&#8221; icon_color=&#8221;#3224e9&#8243; icon_hover_color=&#8221;#3224e9&#8243; number_hover_color=&#8221;#3224e9&#8243; title=&#8221;Boostez vos avis&#8221; number=&#8221;04&#8243; custom_number_color=&#8221;true&#8221;][wgl_spacing spacer_size=&#8221;30px&#8221;][wgl_custom_text font_size=&#8221;16&#8243;]Fid\u00e9lisez vos clients en les r\u00e9compensant pour leurs avis positifs, renfor\u00e7ant ainsi leur engagement[\/wgl_custom_text][\/vc_column][\/vc_row][vc_row][vc_column][wgl_spacing spacer_size=&#8221;90&#8243; screen_tablet=&#8221;768&#8243; responsive_tablet=&#8221;true&#8221; size_tablet=&#8221;70&#8243;][\/vc_column][\/vc_row][vc_row][vc_column][vc_separator][\/vc_column][\/vc_row]\n<\/div>","protected":false},"excerpt":{"rendered":"<p>[vc_row][vc_column][wgl_spacing spacer_size=&#8221;30&#8243;][\/vc_column][\/vc_row][vc_row content_placement=&#8221;middle&#8221; z_index=&#8221;3&#8243;][vc_column width=&#8221;1\/2&#8243;][wgl_image_layers interval=&#8221;500&#8243; values=&#8221;%5B%7B%22thumbnail%22%3A%22897%22%2C%22image_animation%22%3A%22slide_left%22%2C%22image_order%22%3A%221%22%7D%2C%7B%22thumbnail%22%3A%22898%22%2C%22image_animation%22%3A%22slide_right%22%2C%22image_order%22%3A%223%22%7D%2C%7B%22thumbnail%22%3A%22899%22%2C%22image_animation%22%3A%22fade_in%22%2C%22image_order%22%3A%222%22%7D%2C%7B%22thumbnail%22%3A%22900%22%2C%22image_animation%22%3A%22fade_in%22%2C%22image_order%22%3A%224%22%7D%5D&#8221;][wgl_spacing spacer_size=&#8221;0&#8243; screen_tablet=&#8221;768&#8243; responsive_tablet=&#8221;true&#8221; size_tablet=&#8221;55&#8243;][\/vc_column][vc_column width=&#8221;1\/2&#8243; offset=&#8221;vc_col-lg-offset-1 vc_col-lg-5&#8243;][wgl_double_headings title_color=&#8221;#252525&#8243; subtitle_color=&#8221;#FF7D00&#8243; title=&#8221;Jeux cadeaux&#8221; responsive_font=&#8221;true&#8221; font_size_mobile=&#8221;33&#8243;][wgl_spacing spacer_size=&#8221;19&#8243;][wgl_custom_text font_size=&#8221;18&#8243;]Int\u00e9gration fluide dans les solutions des partenaires:\u200bBorne de commande , logiciel de caisse, sites e-commerce, applications click &amp; collect\u200b[\/wgl_custom_text][wgl_custom_text font_size=&#8221;18&#8243;]D\u00e9couvrez notre solution de jeux cadeaux qui booste la fid\u00e9lit\u00e9 client en encourageant les avis [&hellip;]<\/p>\n","protected":false},"author":1,"featured_media":0,"parent":0,"menu_order":0,"comment_status":"closed","ping_status":"closed","template":"","meta":{"footnotes":""},"jetpack_sharing_enabled":true,"_links":{"self":[{"href":"https:\/\/godia360.com\/index.php?rest_route=\/wp\/v2\/pages\/2193"}],"collection":[{"href":"https:\/\/godia360.com\/index.php?rest_route=\/wp\/v2\/pages"}],"about":[{"href":"https:\/\/godia360.com\/index.php?rest_route=\/wp\/v2\/types\/page"}],"author":[{"embeddable":true,"href":"https:\/\/godia360.com\/index.php?rest_route=\/wp\/v2\/users\/1"}],"replies":[{"embeddable":true,"href":"https:\/\/godia360.com\/index.php?rest_route=%2Fwp%2Fv2%2Fcomments&post=2193"}],"version-history":[{"count":20,"href":"https:\/\/godia360.com\/index.php?rest_route=\/wp\/v2\/pages\/2193\/revisions"}],"predecessor-version":[{"id":2251,"href":"https:\/\/godia360.com\/index.php?rest_route=\/wp\/v2\/pages\/2193\/revisions\/2251"}],"wp:attachment":[{"href":"https:\/\/godia360.com\/index.php?rest_route=%2Fwp%2Fv2%2Fmedia&parent=2193"}],"curies":[{"name":"wp","href":"https:\/\/api.w.org\/{rel}","templated":true}]}}